{"id":2,"date":"2015-01-14T22:53:46","date_gmt":"2015-01-14T21:53:46","guid":{"rendered":"http:\/\/bet90-bochum.de\/?page_id=2"},"modified":"2015-02-16T20:08:44","modified_gmt":"2015-02-16T19:08:44","slug":"beispiel-seite","status":"publish","type":"page","link":"https:\/\/bet90-bochum.de\/?page_id=2","title":{"rendered":"Der Sportwetten-Anbieter f\u00fcr Fu\u00dfball-Fans!"},"content":{"rendered":"<p>Fu\u00dfball, des Deutschen liebster Sport, und seine dazugeh\u00f6renden Wetten sind der Brennpunkt des Sportwetten-Anbieters bet90 in Bochum!<\/p>\n<p>Das Runde geh\u00f6rt ins Eckige, bei bet90 bedeutet das f\u00fcr Sie:<\/p>\n<ul>\n<li>\u00fcbersichtliche, blitzschnelle Wettannahmen<\/li>\n<li>beliebige Eins\u00e4tze mit sehr hohem Limit<\/li>\n<li>hohe und faire Quoten<\/li>\n<li>reibungslose Auszahlungen<\/li>\n<\/ul>\n<p>Sportwetten geh\u00f6ren zum Fu\u00dfball einfach dazu! Steigern Sie mit packenden Sportwetten bei allen Fu\u00dfballspielen durch Live-Wetten, Vorabwetten, Systemwetten, Kombiwetten und Fantasywetten den Nervenkitzel. Erleben Sie den Adrenalin-Sto\u00df, wenn Sie mit ihrer Sportwette richtig liegen und Ihren Gewinn einstreichen d\u00fcrfen! bet90 macht es Ihnen leicht und garantiert sportliche Wetten, die \u00fcberzeugen.<\/p>\n","protected":false},"excerpt":{"rendered":"<p>Fu\u00dfball, des Deutschen liebster Sport, und seine dazugeh\u00f6renden Wetten sind der Brennpunkt des Sportwetten-Anbieters bet90 in Bochum! Das Runde geh\u00f6rt ins Eckige, bei bet90 bedeutet das f\u00fcr Sie: \u00fcbersichtliche, blitzschnelle Wettannahmen beliebige Eins\u00e4tze mit sehr hohem Limit hohe und faire Quoten reibungslose Auszahlungen Sportwetten geh\u00f6ren zum Fu\u00dfball einfach dazu! Steigern Sie mit packenden Sportwetten bei [&hellip;]<\/p>\n","protected":false},"author":1,"featured_media":0,"parent":0,"menu_order":20,"comment_status":"open","ping_status":"closed","template":"","meta":{"_exactmetrics_skip_tracking":false,"_exactmetrics_sitenote_active":false,"_exactmetrics_sitenote_note":"","_exactmetrics_sitenote_category":0,"footnotes":""},"class_list":["post-2","page","type-page","status-publish","hentry"],"_links":{"self":[{"href":"https:\/\/bet90-bochum.de\/index.php?rest_route=\/wp\/v2\/pages\/2","targetHints":{"allow":["GET"]}}],"collection":[{"href":"https:\/\/bet90-bochum.de\/index.php?rest_route=\/wp\/v2\/pages"}],"about":[{"href":"https:\/\/bet90-bochum.de\/index.php?rest_route=\/wp\/v2\/types\/page"}],"author":[{"embeddable":true,"href":"https:\/\/bet90-bochum.de\/index.php?rest_route=\/wp\/v2\/users\/1"}],"replies":[{"embeddable":true,"href":"https:\/\/bet90-bochum.de\/index.php?rest_route=%2Fwp%2Fv2%2Fcomments&post=2"}],"version-history":[{"count":1,"href":"https:\/\/bet90-bochum.de\/index.php?rest_route=\/wp\/v2\/pages\/2\/revisions"}],"predecessor-version":[{"id":7,"href":"https:\/\/bet90-bochum.de\/index.php?rest_route=\/wp\/v2\/pages\/2\/revisions\/7"}],"wp:attachment":[{"href":"https:\/\/bet90-bochum.de\/index.php?rest_route=%2Fwp%2Fv2%2Fmedia&parent=2"}],"curies":[{"name":"wp","href":"https:\/\/api.w.org\/{rel}","templated":true}]}}